{"id":123,"date":"2023-10-13T19:22:27","date_gmt":"2023-10-13T22:22:27","guid":{"rendered":"https:\/\/buffetevian.com.br\/home\/?page_id=123"},"modified":"2025-06-14T11:41:06","modified_gmt":"2025-06-14T14:41:06","slug":"corporativo","status":"publish","type":"page","link":"https:\/\/buffetevian.com.br\/home\/corporativo\/","title":{"rendered":"Corporativo"},"content":{"rendered":"\t\t<div data-elementor-type=\"wp-page\" data-elementor-id=\"123\" class=\"elementor elementor-123\" data-elementor-settings=\"{&quot;ha_cmc_init_switcher&quot;:&quot;no&quot;}\" data-elementor-post-type=\"page\">\n\t\t\t\t<div class=\"elementor-element elementor-element-c20f693 e-flex e-con-boxed wpr-particle-no wpr-jarallax-no wpr-parallax-no wpr-sticky-section-no wpr-equal-height-no e-con e-parent\" data-id=\"c20f693\" data-element_type=\"container\" data-e-type=\"container\" data-settings=\"{&quot;background_background&quot;:&quot;classic&quot;,&quot;_ha_eqh_enable&quot;:false}\">\n\t\t\t\t\t<div class=\"e-con-inner\">\n\t\t\t\t<div class=\"elementor-element elementor-element-e3d434f elementor-widget elementor-widget-heading\" data-id=\"e3d434f\" data-element_type=\"widget\" data-e-type=\"widget\" data-widget_type=\"heading.default\">\n\t\t\t\t<div class=\"elementor-widget-container\">\n\t\t\t\t\t<h2 class=\"elementor-heading-title elementor-size-default\">Corporativo<\/h2>\t\t\t\t<\/div>\n\t\t\t\t<\/div>\n\t\t\t\t<div class=\"elementor-element elementor-element-6c18849 elementor-widget elementor-widget-text-editor\" data-id=\"6c18849\" data-element_type=\"widget\" data-e-type=\"widget\" data-widget_type=\"text-editor.default\">\n\t\t\t\t<div class=\"elementor-widget-container\">\n\t\t\t\t\t\t\t\t\t<p>A Festa que vai ficar marcada para sua empresa e seus convidados!<\/p>\t\t\t\t\t\t\t\t<\/div>\n\t\t\t\t<\/div>\n\t\t\t\t\t<\/div>\n\t\t\t\t<\/div>\n\t\t<div class=\"elementor-element elementor-element-57f4757 e-flex e-con-boxed wpr-particle-no wpr-jarallax-no wpr-parallax-no wpr-sticky-section-no wpr-equal-height-no e-con e-parent\" data-id=\"57f4757\" data-element_type=\"container\" data-e-type=\"container\" data-settings=\"{&quot;_ha_eqh_enable&quot;:false}\">\n\t\t\t\t\t<div class=\"e-con-inner\">\n\t\t\t\t<div class=\"elementor-element elementor-element-6126b49 elementor-widget elementor-widget-heading\" data-id=\"6126b49\" data-element_type=\"widget\" data-e-type=\"widget\" data-widget_type=\"heading.default\">\n\t\t\t\t<div class=\"elementor-widget-container\">\n\t\t\t\t\t<h2 class=\"elementor-heading-title elementor-size-default\">Eternize seu evento corporativo<\/h2>\t\t\t\t<\/div>\n\t\t\t\t<\/div>\n\t\t\t\t<div class=\"elementor-element elementor-element-aedea73 elementor-widget elementor-widget-text-editor\" data-id=\"aedea73\" data-element_type=\"widget\" data-e-type=\"widget\" data-widget_type=\"text-editor.default\">\n\t\t\t\t<div class=\"elementor-widget-container\">\n\t\t\t\t\t\t\t\t\t<p>Transforme um momento com a sua empresa ou equipe em um momento eterno em um evento perfeito e inesquec\u00edvel.<br \/><br \/>N\u00f3s estamos prontos para atender colaboradores e convidados do seu quadro com um n\u00edvel de personaliza\u00e7\u00e3o de excel\u00eancia, deixando seu evento empresarial com a cara da sua marca.<br \/><br \/>O Buffet Evian Eventos, bem realizando festas de empresas famosas e renomadas da Cidade de S\u00e3o Paulo, buscando superar expectativas e dispor de uma equipe altamente qualificada e preparada.<br \/><br \/>Conhe\u00e7a nossos sal\u00f5es com op\u00e7\u00f5es para 250 e 450 convidados.<br \/><br \/>Estamos localizados no Bairro da Penha em \u00f3tima e f\u00e1cil localiza\u00e7\u00e3o, com acesso f\u00e1cil pela Radial Leste e aos principais pontos de liga\u00e7\u00e3o da cidade.<\/p>\t\t\t\t\t\t\t\t<\/div>\n\t\t\t\t<\/div>\n\t\t\t\t<div class=\"elementor-element elementor-element-43b16b1 elementor-align-left elementor-widget elementor-widget-button\" data-id=\"43b16b1\" data-element_type=\"widget\" data-e-type=\"widget\" data-widget_type=\"button.default\">\n\t\t\t\t<div class=\"elementor-widget-container\">\n\t\t\t\t\t\t\t\t\t<div class=\"elementor-button-wrapper\">\n\t\t\t\t\t<a class=\"elementor-button elementor-button-link elementor-size-sm elementor-animation-shrink\" href=\"https:\/\/api.whatsapp.com\/send?phone=5511982460270&#038;text=Ol%C3%A1,%20Tenho%20interesse%20no%20Buffet%20para%20Casamento...\">\n\t\t\t\t\t\t<span class=\"elementor-button-content-wrapper\">\n\t\t\t\t\t\t\t\t\t<span class=\"elementor-button-text\">Fa\u00e7a seu or\u00e7amento<\/span>\n\t\t\t\t\t<\/span>\n\t\t\t\t\t<\/a>\n\t\t\t\t<\/div>\n\t\t\t\t\t\t\t\t<\/div>\n\t\t\t\t<\/div>\n\t\t\t\t\t<\/div>\n\t\t\t\t<\/div>\n\t\t<div class=\"elementor-element elementor-element-e136da5 e-con-full e-flex wpr-particle-no wpr-jarallax-no wpr-parallax-no wpr-sticky-section-no wpr-equal-height-no e-con e-parent\" data-id=\"e136da5\" data-element_type=\"container\" data-e-type=\"container\" data-settings=\"{&quot;_ha_eqh_enable&quot;:false}\">\n\t\t\t\t<div class=\"elementor-element elementor-element-3378de6 elementor-widget elementor-widget-image-gallery\" data-id=\"3378de6\" data-element_type=\"widget\" data-e-type=\"widget\" data-widget_type=\"image-gallery.default\">\n\t\t\t\t<div class=\"elementor-widget-container\">\n\t\t\t\t\t\t\t<div class=\"elementor-image-gallery\">\n\t\t\t<div id='gallery-1' class='gallery galleryid-123 gallery-columns-4 gallery-size-full'><figure class='gallery-item'>\n\t\t\t<div class='gallery-icon landscape'>\n\t\t\t\t<a data-elementor-open-lightbox=\"yes\" data-elementor-lightbox-slideshow=\"3378de6\" data-elementor-lightbox-title=\"0004\" data-e-action-hash=\"#elementor-action%3Aaction%3Dlightbox%26settings%3DeyJpZCI6NTk5LCJ1cmwiOiJodHRwczpcL1wvYnVmZmV0ZXZpYW4uY29tLmJyXC9ob21lXC93cC1jb250ZW50XC91cGxvYWRzXC8yMDI0XC8wM1wvMDAwNC5qcGciLCJzbGlkZXNob3ciOiIzMzc4ZGU2In0%3D\" href='https:\/\/buffetevian.com.br\/home\/wp-content\/uploads\/2024\/03\/0004.jpg'><img fetchpriority=\"high\" decoding=\"async\" width=\"1920\" height=\"1200\" src=\"https:\/\/buffetevian.com.br\/home\/wp-content\/uploads\/2024\/03\/0004.jpg\" class=\"attachment-full size-full\" alt=\"\" srcset=\"https:\/\/buffetevian.com.br\/home\/wp-content\/uploads\/2024\/03\/0004.jpg 1920w, https:\/\/buffetevian.com.br\/home\/wp-content\/uploads\/2024\/03\/0004-300x188.jpg 300w, https:\/\/buffetevian.com.br\/home\/wp-content\/uploads\/2024\/03\/0004-1024x640.jpg 1024w, https:\/\/buffetevian.com.br\/home\/wp-content\/uploads\/2024\/03\/0004-768x480.jpg 768w, https:\/\/buffetevian.com.br\/home\/wp-content\/uploads\/2024\/03\/0004-1536x960.jpg 1536w, https:\/\/buffetevian.com.br\/home\/wp-content\/uploads\/2024\/03\/0004-200x125.jpg 200w\" sizes=\"(max-width: 1920px) 100vw, 1920px\" \/><\/a>\n\t\t\t<\/div><\/figure><figure class='gallery-item'>\n\t\t\t<div class='gallery-icon landscape'>\n\t\t\t\t<a data-elementor-open-lightbox=\"yes\" data-elementor-lightbox-slideshow=\"3378de6\" data-elementor-lightbox-title=\"0002\" data-e-action-hash=\"#elementor-action%3Aaction%3Dlightbox%26settings%3DeyJpZCI6NTk2LCJ1cmwiOiJodHRwczpcL1wvYnVmZmV0ZXZpYW4uY29tLmJyXC9ob21lXC93cC1jb250ZW50XC91cGxvYWRzXC8yMDI0XC8wM1wvMDAwMi5qcGciLCJzbGlkZXNob3ciOiIzMzc4ZGU2In0%3D\" href='https:\/\/buffetevian.com.br\/home\/wp-content\/uploads\/2024\/03\/0002.jpg'><img decoding=\"async\" width=\"1920\" height=\"1200\" src=\"https:\/\/buffetevian.com.br\/home\/wp-content\/uploads\/2024\/03\/0002.jpg\" class=\"attachment-full size-full\" alt=\"\" srcset=\"https:\/\/buffetevian.com.br\/home\/wp-content\/uploads\/2024\/03\/0002.jpg 1920w, https:\/\/buffetevian.com.br\/home\/wp-content\/uploads\/2024\/03\/0002-300x188.jpg 300w, https:\/\/buffetevian.com.br\/home\/wp-content\/uploads\/2024\/03\/0002-1024x640.jpg 1024w, https:\/\/buffetevian.com.br\/home\/wp-content\/uploads\/2024\/03\/0002-768x480.jpg 768w, https:\/\/buffetevian.com.br\/home\/wp-content\/uploads\/2024\/03\/0002-1536x960.jpg 1536w, https:\/\/buffetevian.com.br\/home\/wp-content\/uploads\/2024\/03\/0002-200x125.jpg 200w\" sizes=\"(max-width: 1920px) 100vw, 1920px\" \/><\/a>\n\t\t\t<\/div><\/figure><figure class='gallery-item'>\n\t\t\t<div class='gallery-icon landscape'>\n\t\t\t\t<a data-elementor-open-lightbox=\"yes\" data-elementor-lightbox-slideshow=\"3378de6\" data-elementor-lightbox-title=\"0003\" data-e-action-hash=\"#elementor-action%3Aaction%3Dlightbox%26settings%3DeyJpZCI6NTk4LCJ1cmwiOiJodHRwczpcL1wvYnVmZmV0ZXZpYW4uY29tLmJyXC9ob21lXC93cC1jb250ZW50XC91cGxvYWRzXC8yMDI0XC8wM1wvMDAwMy5qcGciLCJzbGlkZXNob3ciOiIzMzc4ZGU2In0%3D\" href='https:\/\/buffetevian.com.br\/home\/wp-content\/uploads\/2024\/03\/0003.jpg'><img decoding=\"async\" width=\"1920\" height=\"1200\" src=\"https:\/\/buffetevian.com.br\/home\/wp-content\/uploads\/2024\/03\/0003.jpg\" class=\"attachment-full size-full\" alt=\"\" srcset=\"https:\/\/buffetevian.com.br\/home\/wp-content\/uploads\/2024\/03\/0003.jpg 1920w, https:\/\/buffetevian.com.br\/home\/wp-content\/uploads\/2024\/03\/0003-300x188.jpg 300w, https:\/\/buffetevian.com.br\/home\/wp-content\/uploads\/2024\/03\/0003-1024x640.jpg 1024w, https:\/\/buffetevian.com.br\/home\/wp-content\/uploads\/2024\/03\/0003-768x480.jpg 768w, https:\/\/buffetevian.com.br\/home\/wp-content\/uploads\/2024\/03\/0003-1536x960.jpg 1536w, https:\/\/buffetevian.com.br\/home\/wp-content\/uploads\/2024\/03\/0003-200x125.jpg 200w\" sizes=\"(max-width: 1920px) 100vw, 1920px\" \/><\/a>\n\t\t\t<\/div><\/figure><figure class='gallery-item'>\n\t\t\t<div class='gallery-icon landscape'>\n\t\t\t\t<a data-elementor-open-lightbox=\"yes\" data-elementor-lightbox-slideshow=\"3378de6\" data-elementor-lightbox-title=\"0001\" data-e-action-hash=\"#elementor-action%3Aaction%3Dlightbox%26settings%3DeyJpZCI6NTk3LCJ1cmwiOiJodHRwczpcL1wvYnVmZmV0ZXZpYW4uY29tLmJyXC9ob21lXC93cC1jb250ZW50XC91cGxvYWRzXC8yMDI0XC8wM1wvMDAwMS5qcGciLCJzbGlkZXNob3ciOiIzMzc4ZGU2In0%3D\" href='https:\/\/buffetevian.com.br\/home\/wp-content\/uploads\/2024\/03\/0001.jpg'><img loading=\"lazy\" decoding=\"async\" width=\"1920\" height=\"1200\" src=\"https:\/\/buffetevian.com.br\/home\/wp-content\/uploads\/2024\/03\/0001.jpg\" class=\"attachment-full size-full\" alt=\"\" srcset=\"https:\/\/buffetevian.com.br\/home\/wp-content\/uploads\/2024\/03\/0001.jpg 1920w, https:\/\/buffetevian.com.br\/home\/wp-content\/uploads\/2024\/03\/0001-300x188.jpg 300w, https:\/\/buffetevian.com.br\/home\/wp-content\/uploads\/2024\/03\/0001-1024x640.jpg 1024w, https:\/\/buffetevian.com.br\/home\/wp-content\/uploads\/2024\/03\/0001-768x480.jpg 768w, https:\/\/buffetevian.com.br\/home\/wp-content\/uploads\/2024\/03\/0001-1536x960.jpg 1536w, https:\/\/buffetevian.com.br\/home\/wp-content\/uploads\/2024\/03\/0001-200x125.jpg 200w\" sizes=\"(max-width: 1920px) 100vw, 1920px\" \/><\/a>\n\t\t\t<\/div><\/figure>\n\t\t<\/div>\n\t\t<\/div>\n\t\t\t\t\t\t<\/div>\n\t\t\t\t<\/div>\n\t\t\t\t<\/div>\n\t\t\t\t<\/div>\n\t\t","protected":false},"excerpt":{"rendered":"<p>Corporativo A Festa que vai ficar marcada para sua empresa e seus convidados! Eternize seu evento corporativo Transforme um momento com a sua empresa ou equipe em um momento eterno em um evento perfeito e inesquec\u00edvel. N\u00f3s estamos prontos para atender colaboradores e convidados do seu quadro com um n\u00edvel de personaliza\u00e7\u00e3o de excel\u00eancia, deixando seu evento empresarial com a cara da sua marca. O Buffet Evian Eventos, bem realizando festas de empresas famosas e renomadas da Cidade de S\u00e3o Paulo, buscando superar expectativas e dispor de uma equipe altamente qualificada e preparada. Conhe\u00e7a nossos sal\u00f5es com op\u00e7\u00f5es para 250 e 450 convidados. Estamos localizados no Bairro da Penha em \u00f3tima e f\u00e1cil localiza\u00e7\u00e3o, com acesso f\u00e1cil pela Radial Leste e aos principais pontos de liga\u00e7\u00e3o da cidade. Fa\u00e7a seu or\u00e7amento<\/p>\n","protected":false},"author":1,"featured_media":0,"parent":0,"menu_order":0,"comment_status":"closed","ping_status":"closed","template":"elementor_header_footer","meta":{"_joinchat":[],"footnotes":""},"class_list":["post-123","page","type-page","status-publish","hentry"],"_links":{"self":[{"href":"https:\/\/buffetevian.com.br\/home\/wp-json\/wp\/v2\/pages\/123","targetHints":{"allow":["GET"]}}],"collection":[{"href":"https:\/\/buffetevian.com.br\/home\/wp-json\/wp\/v2\/pages"}],"about":[{"href":"https:\/\/buffetevian.com.br\/home\/wp-json\/wp\/v2\/types\/page"}],"author":[{"embeddable":true,"href":"https:\/\/buffetevian.com.br\/home\/wp-json\/wp\/v2\/users\/1"}],"replies":[{"embeddable":true,"href":"https:\/\/buffetevian.com.br\/home\/wp-json\/wp\/v2\/comments?post=123"}],"version-history":[{"count":12,"href":"https:\/\/buffetevian.com.br\/home\/wp-json\/wp\/v2\/pages\/123\/revisions"}],"predecessor-version":[{"id":892,"href":"https:\/\/buffetevian.com.br\/home\/wp-json\/wp\/v2\/pages\/123\/revisions\/892"}],"wp:attachment":[{"href":"https:\/\/buffetevian.com.br\/home\/wp-json\/wp\/v2\/media?parent=123"}],"curies":[{"name":"wp","href":"https:\/\/api.w.org\/{rel}","templated":true}]}}