{"id":121,"date":"2023-10-13T19:21:47","date_gmt":"2023-10-13T22:21:47","guid":{"rendered":"https:\/\/buffetevian.com.br\/home\/?page_id=121"},"modified":"2025-06-24T15:08:24","modified_gmt":"2025-06-24T18:08:24","slug":"bodas","status":"publish","type":"page","link":"https:\/\/buffetevian.com.br\/home\/bodas\/","title":{"rendered":"Bodas"},"content":{"rendered":"\t\t<div data-elementor-type=\"wp-page\" data-elementor-id=\"121\" class=\"elementor elementor-121\" data-elementor-settings=\"{&quot;ha_cmc_init_switcher&quot;:&quot;no&quot;}\" data-elementor-post-type=\"page\">\n\t\t\t\t<div class=\"elementor-element elementor-element-cb0200a e-flex e-con-boxed wpr-particle-no wpr-jarallax-no wpr-parallax-no wpr-sticky-section-no wpr-equal-height-no e-con e-parent\" data-id=\"cb0200a\" data-element_type=\"container\" data-e-type=\"container\" data-settings=\"{&quot;background_background&quot;:&quot;classic&quot;,&quot;_ha_eqh_enable&quot;:false}\">\n\t\t\t\t\t<div class=\"e-con-inner\">\n\t\t\t\t<div class=\"elementor-element elementor-element-977f21f elementor-widget elementor-widget-heading\" data-id=\"977f21f\" data-element_type=\"widget\" data-e-type=\"widget\" data-widget_type=\"heading.default\">\n\t\t\t\t<div class=\"elementor-widget-container\">\n\t\t\t\t\t<h2 class=\"elementor-heading-title elementor-size-default\">Bodas<\/h2>\t\t\t\t<\/div>\n\t\t\t\t<\/div>\n\t\t\t\t<div class=\"elementor-element elementor-element-fc32cb4 elementor-widget elementor-widget-text-editor\" data-id=\"fc32cb4\" data-element_type=\"widget\" data-e-type=\"widget\" data-widget_type=\"text-editor.default\">\n\t\t\t\t<div class=\"elementor-widget-container\">\n\t\t\t\t\t\t\t\t\t<p>Sal\u00f5es lindos, com ambientes requintados e agrad\u00e1veis para sua festa<\/p>\t\t\t\t\t\t\t\t<\/div>\n\t\t\t\t<\/div>\n\t\t\t\t\t<\/div>\n\t\t\t\t<\/div>\n\t\t<div class=\"elementor-element elementor-element-c0f1f4d e-flex e-con-boxed wpr-particle-no wpr-jarallax-no wpr-parallax-no wpr-sticky-section-no wpr-equal-height-no e-con e-parent\" data-id=\"c0f1f4d\" data-element_type=\"container\" data-e-type=\"container\" data-settings=\"{&quot;_ha_eqh_enable&quot;:false}\">\n\t\t\t\t\t<div class=\"e-con-inner\">\n\t\t\t\t<div class=\"elementor-element elementor-element-e01b74e elementor-widget elementor-widget-heading\" data-id=\"e01b74e\" data-element_type=\"widget\" data-e-type=\"widget\" data-widget_type=\"heading.default\">\n\t\t\t\t<div class=\"elementor-widget-container\">\n\t\t\t\t\t<h2 class=\"elementor-heading-title elementor-size-default\">Celebre a uni\u00e3o<\/h2>\t\t\t\t<\/div>\n\t\t\t\t<\/div>\n\t\t\t\t<div class=\"elementor-element elementor-element-0280024 elementor-widget elementor-widget-text-editor\" data-id=\"0280024\" data-element_type=\"widget\" data-e-type=\"widget\" data-widget_type=\"text-editor.default\">\n\t\t\t\t<div class=\"elementor-widget-container\">\n\t\t\t\t\t\t\t\t\t<p>Renove seus votos junto com a sua fam\u00edlia, N\u00f3s temos o ambiente completo para comemorar a sua festa de bodas no Bairro da Penha, com acesso pela Radial Leste e Marginal Tiet\u00ea bem pr\u00f3ximos.<br \/><br \/>Planeje sua festa de Bodas de Algod\u00e3o, Prata e Ouro no Buffet Evian.<br \/><br \/>Uma gastronomia completa, preparada por profissionais super qualificados sempre prontos para atender a sua festa e seus convidados, e tornar o seu evento perfeito.<\/p>\t\t\t\t\t\t\t\t<\/div>\n\t\t\t\t<\/div>\n\t\t\t\t<div class=\"elementor-element elementor-element-2d5e399 elementor-align-left elementor-widget elementor-widget-button\" data-id=\"2d5e399\" data-element_type=\"widget\" data-e-type=\"widget\" data-widget_type=\"button.default\">\n\t\t\t\t<div class=\"elementor-widget-container\">\n\t\t\t\t\t\t\t\t\t<div class=\"elementor-button-wrapper\">\n\t\t\t\t\t<a class=\"elementor-button elementor-button-link elementor-size-sm elementor-animation-shrink\" href=\"https:\/\/api.whatsapp.com\/send?phone=551123651827&#038;text=Ol%C3%A1,%20Tenho%20interesse%20no%20Buffet%20para%20Casamento...\">\n\t\t\t\t\t\t<span class=\"elementor-button-content-wrapper\">\n\t\t\t\t\t\t\t\t\t<span class=\"elementor-button-text\">Fa\u00e7a seu or\u00e7amento<\/span>\n\t\t\t\t\t<\/span>\n\t\t\t\t\t<\/a>\n\t\t\t\t<\/div>\n\t\t\t\t\t\t\t\t<\/div>\n\t\t\t\t<\/div>\n\t\t\t\t\t<\/div>\n\t\t\t\t<\/div>\n\t\t<div class=\"elementor-element elementor-element-8b2ad05 e-con-full e-flex wpr-particle-no wpr-jarallax-no wpr-parallax-no wpr-sticky-section-no wpr-equal-height-no e-con e-parent\" data-id=\"8b2ad05\" data-element_type=\"container\" data-e-type=\"container\" data-settings=\"{&quot;_ha_eqh_enable&quot;:false}\">\n\t\t\t\t<div class=\"elementor-element elementor-element-ae82fc6 elementor-widget elementor-widget-image-gallery\" data-id=\"ae82fc6\" data-element_type=\"widget\" data-e-type=\"widget\" data-widget_type=\"image-gallery.default\">\n\t\t\t\t<div class=\"elementor-widget-container\">\n\t\t\t\t\t\t\t<div class=\"elementor-image-gallery\">\n\t\t\t<div id='gallery-1' class='gallery galleryid-121 gallery-columns-4 gallery-size-full'><figure class='gallery-item'>\n\t\t\t<div class='gallery-icon landscape'>\n\t\t\t\t<a data-elementor-open-lightbox=\"yes\" data-elementor-lightbox-slideshow=\"ae82fc6\" data-elementor-lightbox-title=\"Design sem nome (39)\" data-e-action-hash=\"#elementor-action%3Aaction%3Dlightbox%26settings%3DeyJpZCI6Mjg3LCJ1cmwiOiJodHRwczpcL1wvYnVmZmV0ZXZpYW4uY29tLmJyXC9ob21lXC93cC1jb250ZW50XC91cGxvYWRzXC8yMDIzXC8xMFwvRGVzaWduLXNlbS1ub21lLTM5LmpwZyIsInNsaWRlc2hvdyI6ImFlODJmYzYifQ%3D%3D\" href='https:\/\/buffetevian.com.br\/home\/wp-content\/uploads\/2023\/10\/Design-sem-nome-39.jpg'><img fetchpriority=\"high\" decoding=\"async\" width=\"1920\" height=\"1200\" src=\"https:\/\/buffetevian.com.br\/home\/wp-content\/uploads\/2023\/10\/Design-sem-nome-39.jpg\" class=\"attachment-full size-full\" alt=\"\" srcset=\"https:\/\/buffetevian.com.br\/home\/wp-content\/uploads\/2023\/10\/Design-sem-nome-39.jpg 1920w, https:\/\/buffetevian.com.br\/home\/wp-content\/uploads\/2023\/10\/Design-sem-nome-39-300x188.jpg 300w, https:\/\/buffetevian.com.br\/home\/wp-content\/uploads\/2023\/10\/Design-sem-nome-39-1024x640.jpg 1024w, https:\/\/buffetevian.com.br\/home\/wp-content\/uploads\/2023\/10\/Design-sem-nome-39-768x480.jpg 768w, https:\/\/buffetevian.com.br\/home\/wp-content\/uploads\/2023\/10\/Design-sem-nome-39-1536x960.jpg 1536w, https:\/\/buffetevian.com.br\/home\/wp-content\/uploads\/2023\/10\/Design-sem-nome-39-200x125.jpg 200w\" sizes=\"(max-width: 1920px) 100vw, 1920px\" \/><\/a>\n\t\t\t<\/div><\/figure><figure class='gallery-item'>\n\t\t\t<div class='gallery-icon landscape'>\n\t\t\t\t<a data-elementor-open-lightbox=\"yes\" data-elementor-lightbox-slideshow=\"ae82fc6\" data-elementor-lightbox-title=\"00002\" data-e-action-hash=\"#elementor-action%3Aaction%3Dlightbox%26settings%3DeyJpZCI6NTc3LCJ1cmwiOiJodHRwczpcL1wvYnVmZmV0ZXZpYW4uY29tLmJyXC9ob21lXC93cC1jb250ZW50XC91cGxvYWRzXC8yMDI0XC8wM1wvMDAwMDIucG5nIiwic2xpZGVzaG93IjoiYWU4MmZjNiJ9\" href='https:\/\/buffetevian.com.br\/home\/wp-content\/uploads\/2024\/03\/00002.png'><img decoding=\"async\" width=\"1920\" height=\"1200\" src=\"https:\/\/buffetevian.com.br\/home\/wp-content\/uploads\/2024\/03\/00002.png\" class=\"attachment-full size-full\" alt=\"\" srcset=\"https:\/\/buffetevian.com.br\/home\/wp-content\/uploads\/2024\/03\/00002.png 1920w, https:\/\/buffetevian.com.br\/home\/wp-content\/uploads\/2024\/03\/00002-300x188.png 300w, https:\/\/buffetevian.com.br\/home\/wp-content\/uploads\/2024\/03\/00002-1024x640.png 1024w, https:\/\/buffetevian.com.br\/home\/wp-content\/uploads\/2024\/03\/00002-768x480.png 768w, https:\/\/buffetevian.com.br\/home\/wp-content\/uploads\/2024\/03\/00002-1536x960.png 1536w, https:\/\/buffetevian.com.br\/home\/wp-content\/uploads\/2024\/03\/00002-200x125.png 200w\" sizes=\"(max-width: 1920px) 100vw, 1920px\" \/><\/a>\n\t\t\t<\/div><\/figure><figure class='gallery-item'>\n\t\t\t<div class='gallery-icon landscape'>\n\t\t\t\t<a data-elementor-open-lightbox=\"yes\" data-elementor-lightbox-slideshow=\"ae82fc6\" data-elementor-lightbox-title=\"Design sem nome (35)\" data-e-action-hash=\"#elementor-action%3Aaction%3Dlightbox%26settings%3DeyJpZCI6Mjg0LCJ1cmwiOiJodHRwczpcL1wvYnVmZmV0ZXZpYW4uY29tLmJyXC9ob21lXC93cC1jb250ZW50XC91cGxvYWRzXC8yMDIzXC8xMFwvRGVzaWduLXNlbS1ub21lLTM1LmpwZyIsInNsaWRlc2hvdyI6ImFlODJmYzYifQ%3D%3D\" href='https:\/\/buffetevian.com.br\/home\/wp-content\/uploads\/2023\/10\/Design-sem-nome-35.jpg'><img decoding=\"async\" width=\"1920\" height=\"1200\" src=\"https:\/\/buffetevian.com.br\/home\/wp-content\/uploads\/2023\/10\/Design-sem-nome-35.jpg\" class=\"attachment-full size-full\" alt=\"\" srcset=\"https:\/\/buffetevian.com.br\/home\/wp-content\/uploads\/2023\/10\/Design-sem-nome-35.jpg 1920w, https:\/\/buffetevian.com.br\/home\/wp-content\/uploads\/2023\/10\/Design-sem-nome-35-300x188.jpg 300w, https:\/\/buffetevian.com.br\/home\/wp-content\/uploads\/2023\/10\/Design-sem-nome-35-1024x640.jpg 1024w, https:\/\/buffetevian.com.br\/home\/wp-content\/uploads\/2023\/10\/Design-sem-nome-35-768x480.jpg 768w, https:\/\/buffetevian.com.br\/home\/wp-content\/uploads\/2023\/10\/Design-sem-nome-35-1536x960.jpg 1536w, https:\/\/buffetevian.com.br\/home\/wp-content\/uploads\/2023\/10\/Design-sem-nome-35-200x125.jpg 200w\" sizes=\"(max-width: 1920px) 100vw, 1920px\" \/><\/a>\n\t\t\t<\/div><\/figure><figure class='gallery-item'>\n\t\t\t<div class='gallery-icon landscape'>\n\t\t\t\t<a data-elementor-open-lightbox=\"yes\" data-elementor-lightbox-slideshow=\"ae82fc6\" data-elementor-lightbox-title=\"Design sem nome (36)\" data-e-action-hash=\"#elementor-action%3Aaction%3Dlightbox%26settings%3DeyJpZCI6Mjg1LCJ1cmwiOiJodHRwczpcL1wvYnVmZmV0ZXZpYW4uY29tLmJyXC9ob21lXC93cC1jb250ZW50XC91cGxvYWRzXC8yMDIzXC8xMFwvRGVzaWduLXNlbS1ub21lLTM2LmpwZyIsInNsaWRlc2hvdyI6ImFlODJmYzYifQ%3D%3D\" href='https:\/\/buffetevian.com.br\/home\/wp-content\/uploads\/2023\/10\/Design-sem-nome-36.jpg'><img loading=\"lazy\" decoding=\"async\" width=\"1920\" height=\"1200\" src=\"https:\/\/buffetevian.com.br\/home\/wp-content\/uploads\/2023\/10\/Design-sem-nome-36.jpg\" class=\"attachment-full size-full\" alt=\"\" srcset=\"https:\/\/buffetevian.com.br\/home\/wp-content\/uploads\/2023\/10\/Design-sem-nome-36.jpg 1920w, https:\/\/buffetevian.com.br\/home\/wp-content\/uploads\/2023\/10\/Design-sem-nome-36-300x188.jpg 300w, https:\/\/buffetevian.com.br\/home\/wp-content\/uploads\/2023\/10\/Design-sem-nome-36-1024x640.jpg 1024w, https:\/\/buffetevian.com.br\/home\/wp-content\/uploads\/2023\/10\/Design-sem-nome-36-768x480.jpg 768w, https:\/\/buffetevian.com.br\/home\/wp-content\/uploads\/2023\/10\/Design-sem-nome-36-1536x960.jpg 1536w, https:\/\/buffetevian.com.br\/home\/wp-content\/uploads\/2023\/10\/Design-sem-nome-36-200x125.jpg 200w\" sizes=\"(max-width: 1920px) 100vw, 1920px\" \/><\/a>\n\t\t\t<\/div><\/figure>\n\t\t<\/div>\n\t\t<\/div>\n\t\t\t\t\t\t<\/div>\n\t\t\t\t<\/div>\n\t\t\t\t<\/div>\n\t\t\t\t<\/div>\n\t\t","protected":false},"excerpt":{"rendered":"<p>Bodas Sal\u00f5es lindos, com ambientes requintados e agrad\u00e1veis para sua festa Celebre a uni\u00e3o Renove seus votos junto com a sua fam\u00edlia, N\u00f3s temos o ambiente completo para comemorar a sua festa de bodas no Bairro da Penha, com acesso pela Radial Leste e Marginal Tiet\u00ea bem pr\u00f3ximos. Planeje sua festa de Bodas de Algod\u00e3o, Prata e Ouro no Buffet Evian. Uma gastronomia completa, preparada por profissionais super qualificados sempre prontos para atender a sua festa e seus convidados, e tornar o seu evento perfeito. Fa\u00e7a seu or\u00e7amento<\/p>\n","protected":false},"author":1,"featured_media":0,"parent":0,"menu_order":0,"comment_status":"closed","ping_status":"closed","template":"elementor_header_footer","meta":{"_joinchat":[],"footnotes":""},"class_list":["post-121","page","type-page","status-publish","hentry"],"_links":{"self":[{"href":"https:\/\/buffetevian.com.br\/home\/wp-json\/wp\/v2\/pages\/121","targetHints":{"allow":["GET"]}}],"collection":[{"href":"https:\/\/buffetevian.com.br\/home\/wp-json\/wp\/v2\/pages"}],"about":[{"href":"https:\/\/buffetevian.com.br\/home\/wp-json\/wp\/v2\/types\/page"}],"author":[{"embeddable":true,"href":"https:\/\/buffetevian.com.br\/home\/wp-json\/wp\/v2\/users\/1"}],"replies":[{"embeddable":true,"href":"https:\/\/buffetevian.com.br\/home\/wp-json\/wp\/v2\/comments?post=121"}],"version-history":[{"count":18,"href":"https:\/\/buffetevian.com.br\/home\/wp-json\/wp\/v2\/pages\/121\/revisions"}],"predecessor-version":[{"id":936,"href":"https:\/\/buffetevian.com.br\/home\/wp-json\/wp\/v2\/pages\/121\/revisions\/936"}],"wp:attachment":[{"href":"https:\/\/buffetevian.com.br\/home\/wp-json\/wp\/v2\/media?parent=121"}],"curies":[{"name":"wp","href":"https:\/\/api.w.org\/{rel}","templated":true}]}}