{"id":119,"date":"2023-10-13T19:21:24","date_gmt":"2023-10-13T22:21:24","guid":{"rendered":"https:\/\/buffetevian.com.br\/home\/?page_id=119"},"modified":"2025-06-24T15:07:40","modified_gmt":"2025-06-24T18:07:40","slug":"debutante","status":"publish","type":"page","link":"https:\/\/buffetevian.com.br\/home\/debutante\/","title":{"rendered":"Debutante"},"content":{"rendered":"\t\t<div data-elementor-type=\"wp-page\" data-elementor-id=\"119\" class=\"elementor elementor-119\" data-elementor-settings=\"{&quot;ha_cmc_init_switcher&quot;:&quot;no&quot;}\" data-elementor-post-type=\"page\">\n\t\t\t\t<div class=\"elementor-element elementor-element-0dbe363 e-flex e-con-boxed wpr-particle-no wpr-jarallax-no wpr-parallax-no wpr-sticky-section-no wpr-equal-height-no e-con e-parent\" data-id=\"0dbe363\" data-element_type=\"container\" data-e-type=\"container\" data-settings=\"{&quot;background_background&quot;:&quot;classic&quot;,&quot;_ha_eqh_enable&quot;:false}\">\n\t\t\t\t\t<div class=\"e-con-inner\">\n\t\t\t\t<div class=\"elementor-element elementor-element-9509dbb elementor-widget elementor-widget-heading\" data-id=\"9509dbb\" data-element_type=\"widget\" data-e-type=\"widget\" data-widget_type=\"heading.default\">\n\t\t\t\t<div class=\"elementor-widget-container\">\n\t\t\t\t\t<h2 class=\"elementor-heading-title elementor-size-default\">Debutante<\/h2>\t\t\t\t<\/div>\n\t\t\t\t<\/div>\n\t\t\t\t<div class=\"elementor-element elementor-element-bbb08a4 elementor-widget elementor-widget-text-editor\" data-id=\"bbb08a4\" data-element_type=\"widget\" data-e-type=\"widget\" data-widget_type=\"text-editor.default\">\n\t\t\t\t<div class=\"elementor-widget-container\">\n\t\t\t\t\t\t\t\t\t<p>A Festa de 15 anos dos seus sonhos e um dia exclusivo para voc\u00ea!<\/p>\t\t\t\t\t\t\t\t<\/div>\n\t\t\t\t<\/div>\n\t\t\t\t\t<\/div>\n\t\t\t\t<\/div>\n\t\t<div class=\"elementor-element elementor-element-fa48574 e-flex e-con-boxed wpr-particle-no wpr-jarallax-no wpr-parallax-no wpr-sticky-section-no wpr-equal-height-no e-con e-parent\" data-id=\"fa48574\" data-element_type=\"container\" data-e-type=\"container\" data-settings=\"{&quot;_ha_eqh_enable&quot;:false}\">\n\t\t\t\t\t<div class=\"e-con-inner\">\n\t\t\t\t<div class=\"elementor-element elementor-element-1e52720 elementor-widget elementor-widget-heading\" data-id=\"1e52720\" data-element_type=\"widget\" data-e-type=\"widget\" data-widget_type=\"heading.default\">\n\t\t\t\t<div class=\"elementor-widget-container\">\n\t\t\t\t\t<h2 class=\"elementor-heading-title elementor-size-default\">o sonho da sua princesa<\/h2>\t\t\t\t<\/div>\n\t\t\t\t<\/div>\n\t\t\t\t<div class=\"elementor-element elementor-element-17fcd1e elementor-widget elementor-widget-text-editor\" data-id=\"17fcd1e\" data-element_type=\"widget\" data-e-type=\"widget\" data-widget_type=\"text-editor.default\">\n\t\t\t\t<div class=\"elementor-widget-container\">\n\t\t\t\t\t\t\t\t\t<p>O dia que marca uma mudan\u00e7a para um novo tempo da vida de uma Menina!<br \/><br \/>Todos os detalhes s\u00e3o importantes, desde o vestido escolhido para a festa de 15 anos, carro que levar\u00e1 a debutante at\u00e9 o local do evento.<br \/><br \/>Os sentimentos despertados s\u00e3o t\u00e3o emocionante quanto bonitos, como por exemplo:<br \/><br \/>&#8211; O momento da valsa com o pai, pr\u00edncipe e convidados especiais;<br \/>&#8211; O card\u00e1pio feito \u00e0 car\u00e1ter para a noite do baile, com escolhas gastron\u00f4micas totalmente pensadas para o evento.<br \/><br \/>N\u00f3s nos preocupamos em tornar um momento da sua vida inesquec\u00edvel em fotos registradas, sabores e ocasi\u00f5es exclusivas, personalizadas e proporcionadas pela nossa equipe de profissionais capacitados e engajados, treinados e formados para proporcionar um evento perfeito.<\/p>\t\t\t\t\t\t\t\t<\/div>\n\t\t\t\t<\/div>\n\t\t\t\t<div class=\"elementor-element elementor-element-9699653 elementor-align-left elementor-widget elementor-widget-button\" data-id=\"9699653\" data-element_type=\"widget\" data-e-type=\"widget\" data-widget_type=\"button.default\">\n\t\t\t\t<div class=\"elementor-widget-container\">\n\t\t\t\t\t\t\t\t\t<div class=\"elementor-button-wrapper\">\n\t\t\t\t\t<a class=\"elementor-button elementor-button-link elementor-size-sm elementor-animation-shrink\" href=\"https:\/\/api.whatsapp.com\/send?phone=551123651827&#038;text=Ol%C3%A1,%20Tenho%20interesse%20no%20Buffet%20para%20Casamento...\">\n\t\t\t\t\t\t<span class=\"elementor-button-content-wrapper\">\n\t\t\t\t\t\t\t\t\t<span class=\"elementor-button-text\">Fa\u00e7a seu or\u00e7amento<\/span>\n\t\t\t\t\t<\/span>\n\t\t\t\t\t<\/a>\n\t\t\t\t<\/div>\n\t\t\t\t\t\t\t\t<\/div>\n\t\t\t\t<\/div>\n\t\t\t\t\t<\/div>\n\t\t\t\t<\/div>\n\t\t<div class=\"elementor-element elementor-element-9494c2f e-con-full e-flex wpr-particle-no wpr-jarallax-no wpr-parallax-no wpr-sticky-section-no wpr-equal-height-no e-con e-parent\" data-id=\"9494c2f\" data-element_type=\"container\" data-e-type=\"container\" data-settings=\"{&quot;_ha_eqh_enable&quot;:false}\">\n\t\t\t\t<div class=\"elementor-element elementor-element-492a1d4 elementor-widget elementor-widget-image-gallery\" data-id=\"492a1d4\" data-element_type=\"widget\" data-e-type=\"widget\" data-widget_type=\"image-gallery.default\">\n\t\t\t\t<div class=\"elementor-widget-container\">\n\t\t\t\t\t\t\t<div class=\"elementor-image-gallery\">\n\t\t\t<div id='gallery-1' class='gallery galleryid-119 gallery-columns-6 gallery-size-full'><figure class='gallery-item'>\n\t\t\t<div class='gallery-icon landscape'>\n\t\t\t\t<a data-elementor-open-lightbox=\"yes\" data-elementor-lightbox-slideshow=\"492a1d4\" data-elementor-lightbox-title=\"DSCF8493\" data-e-action-hash=\"#elementor-action%3Aaction%3Dlightbox%26settings%3DeyJpZCI6MjYyLCJ1cmwiOiJodHRwczpcL1wvYnVmZmV0ZXZpYW4uY29tLmJyXC9ob21lXC93cC1jb250ZW50XC91cGxvYWRzXC8yMDIzXC8xMFwvRFNDRjg0OTMtc2NhbGVkLmpwZyIsInNsaWRlc2hvdyI6IjQ5MmExZDQifQ%3D%3D\" href='https:\/\/buffetevian.com.br\/home\/wp-content\/uploads\/2023\/10\/DSCF8493-scaled.jpg'><img fetchpriority=\"high\" decoding=\"async\" width=\"2560\" height=\"1707\" src=\"https:\/\/buffetevian.com.br\/home\/wp-content\/uploads\/2023\/10\/DSCF8493-scaled.jpg\" class=\"attachment-full size-full\" alt=\"\" srcset=\"https:\/\/buffetevian.com.br\/home\/wp-content\/uploads\/2023\/10\/DSCF8493-scaled.jpg 2560w, https:\/\/buffetevian.com.br\/home\/wp-content\/uploads\/2023\/10\/DSCF8493-300x200.jpg 300w, https:\/\/buffetevian.com.br\/home\/wp-content\/uploads\/2023\/10\/DSCF8493-1024x683.jpg 1024w, https:\/\/buffetevian.com.br\/home\/wp-content\/uploads\/2023\/10\/DSCF8493-768x512.jpg 768w, https:\/\/buffetevian.com.br\/home\/wp-content\/uploads\/2023\/10\/DSCF8493-1536x1024.jpg 1536w, https:\/\/buffetevian.com.br\/home\/wp-content\/uploads\/2023\/10\/DSCF8493-2048x1365.jpg 2048w, https:\/\/buffetevian.com.br\/home\/wp-content\/uploads\/2023\/10\/DSCF8493-200x133.jpg 200w\" sizes=\"(max-width: 2560px) 100vw, 2560px\" \/><\/a>\n\t\t\t<\/div><\/figure><figure class='gallery-item'>\n\t\t\t<div class='gallery-icon landscape'>\n\t\t\t\t<a data-elementor-open-lightbox=\"yes\" data-elementor-lightbox-slideshow=\"492a1d4\" data-elementor-lightbox-title=\"WhatsApp Image 2024-01-30 at 17.59.04\" data-e-action-hash=\"#elementor-action%3Aaction%3Dlightbox%26settings%3DeyJpZCI6NjA4LCJ1cmwiOiJodHRwczpcL1wvYnVmZmV0ZXZpYW4uY29tLmJyXC9ob21lXC93cC1jb250ZW50XC91cGxvYWRzXC8yMDI0XC8wM1wvV2hhdHNBcHAtSW1hZ2UtMjAyNC0wMS0zMC1hdC0xNy41OS4wNC5qcGVnIiwic2xpZGVzaG93IjoiNDkyYTFkNCJ9\" href='https:\/\/buffetevian.com.br\/home\/wp-content\/uploads\/2024\/03\/WhatsApp-Image-2024-01-30-at-17.59.04.jpeg'><img decoding=\"async\" width=\"1600\" height=\"1067\" src=\"https:\/\/buffetevian.com.br\/home\/wp-content\/uploads\/2024\/03\/WhatsApp-Image-2024-01-30-at-17.59.04.jpeg\" class=\"attachment-full size-full\" alt=\"\" srcset=\"https:\/\/buffetevian.com.br\/home\/wp-content\/uploads\/2024\/03\/WhatsApp-Image-2024-01-30-at-17.59.04.jpeg 1600w, https:\/\/buffetevian.com.br\/home\/wp-content\/uploads\/2024\/03\/WhatsApp-Image-2024-01-30-at-17.59.04-300x200.jpeg 300w, https:\/\/buffetevian.com.br\/home\/wp-content\/uploads\/2024\/03\/WhatsApp-Image-2024-01-30-at-17.59.04-1024x683.jpeg 1024w, https:\/\/buffetevian.com.br\/home\/wp-content\/uploads\/2024\/03\/WhatsApp-Image-2024-01-30-at-17.59.04-768x512.jpeg 768w, https:\/\/buffetevian.com.br\/home\/wp-content\/uploads\/2024\/03\/WhatsApp-Image-2024-01-30-at-17.59.04-1536x1024.jpeg 1536w, https:\/\/buffetevian.com.br\/home\/wp-content\/uploads\/2024\/03\/WhatsApp-Image-2024-01-30-at-17.59.04-200x133.jpeg 200w\" sizes=\"(max-width: 1600px) 100vw, 1600px\" \/><\/a>\n\t\t\t<\/div><\/figure><figure class='gallery-item'>\n\t\t\t<div class='gallery-icon landscape'>\n\t\t\t\t<a data-elementor-open-lightbox=\"yes\" data-elementor-lightbox-slideshow=\"492a1d4\" data-elementor-lightbox-title=\"M2106297\" data-e-action-hash=\"#elementor-action%3Aaction%3Dlightbox%26settings%3DeyJpZCI6MjYzLCJ1cmwiOiJodHRwczpcL1wvYnVmZmV0ZXZpYW4uY29tLmJyXC9ob21lXC93cC1jb250ZW50XC91cGxvYWRzXC8yMDIzXC8xMFwvTTIxMDYyOTctc2NhbGVkLmpwZyIsInNsaWRlc2hvdyI6IjQ5MmExZDQifQ%3D%3D\" href='https:\/\/buffetevian.com.br\/home\/wp-content\/uploads\/2023\/10\/M2106297-scaled.jpg'><img decoding=\"async\" width=\"2560\" height=\"1707\" src=\"https:\/\/buffetevian.com.br\/home\/wp-content\/uploads\/2023\/10\/M2106297-scaled.jpg\" class=\"attachment-full size-full\" alt=\"\" srcset=\"https:\/\/buffetevian.com.br\/home\/wp-content\/uploads\/2023\/10\/M2106297-scaled.jpg 2560w, https:\/\/buffetevian.com.br\/home\/wp-content\/uploads\/2023\/10\/M2106297-300x200.jpg 300w, https:\/\/buffetevian.com.br\/home\/wp-content\/uploads\/2023\/10\/M2106297-1024x683.jpg 1024w, https:\/\/buffetevian.com.br\/home\/wp-content\/uploads\/2023\/10\/M2106297-768x512.jpg 768w, https:\/\/buffetevian.com.br\/home\/wp-content\/uploads\/2023\/10\/M2106297-1536x1024.jpg 1536w, https:\/\/buffetevian.com.br\/home\/wp-content\/uploads\/2023\/10\/M2106297-2048x1365.jpg 2048w, https:\/\/buffetevian.com.br\/home\/wp-content\/uploads\/2023\/10\/M2106297-200x133.jpg 200w\" sizes=\"(max-width: 2560px) 100vw, 2560px\" \/><\/a>\n\t\t\t<\/div><\/figure><figure class='gallery-item'>\n\t\t\t<div class='gallery-icon landscape'>\n\t\t\t\t<a data-elementor-open-lightbox=\"yes\" data-elementor-lightbox-slideshow=\"492a1d4\" data-elementor-lightbox-title=\"DSCF8145\" data-e-action-hash=\"#elementor-action%3Aaction%3Dlightbox%26settings%3DeyJpZCI6MjYwLCJ1cmwiOiJodHRwczpcL1wvYnVmZmV0ZXZpYW4uY29tLmJyXC9ob21lXC93cC1jb250ZW50XC91cGxvYWRzXC8yMDIzXC8xMFwvRFNDRjgxNDUtc2NhbGVkLmpwZyIsInNsaWRlc2hvdyI6IjQ5MmExZDQifQ%3D%3D\" href='https:\/\/buffetevian.com.br\/home\/wp-content\/uploads\/2023\/10\/DSCF8145-scaled.jpg'><img loading=\"lazy\" decoding=\"async\" width=\"2560\" height=\"1707\" src=\"https:\/\/buffetevian.com.br\/home\/wp-content\/uploads\/2023\/10\/DSCF8145-scaled.jpg\" class=\"attachment-full size-full\" alt=\"\" srcset=\"https:\/\/buffetevian.com.br\/home\/wp-content\/uploads\/2023\/10\/DSCF8145-scaled.jpg 2560w, https:\/\/buffetevian.com.br\/home\/wp-content\/uploads\/2023\/10\/DSCF8145-300x200.jpg 300w, https:\/\/buffetevian.com.br\/home\/wp-content\/uploads\/2023\/10\/DSCF8145-1024x683.jpg 1024w, https:\/\/buffetevian.com.br\/home\/wp-content\/uploads\/2023\/10\/DSCF8145-768x512.jpg 768w, https:\/\/buffetevian.com.br\/home\/wp-content\/uploads\/2023\/10\/DSCF8145-1536x1024.jpg 1536w, https:\/\/buffetevian.com.br\/home\/wp-content\/uploads\/2023\/10\/DSCF8145-2048x1365.jpg 2048w, https:\/\/buffetevian.com.br\/home\/wp-content\/uploads\/2023\/10\/DSCF8145-200x133.jpg 200w\" sizes=\"(max-width: 2560px) 100vw, 2560px\" \/><\/a>\n\t\t\t<\/div><\/figure><figure class='gallery-item'>\n\t\t\t<div class='gallery-icon landscape'>\n\t\t\t\t<a data-elementor-open-lightbox=\"yes\" data-elementor-lightbox-slideshow=\"492a1d4\" data-elementor-lightbox-title=\"WhatsApp Image 2023-11-08 at 11.52.01 (2)\" data-e-action-hash=\"#elementor-action%3Aaction%3Dlightbox%26settings%3DeyJpZCI6NjA3LCJ1cmwiOiJodHRwczpcL1wvYnVmZmV0ZXZpYW4uY29tLmJyXC9ob21lXC93cC1jb250ZW50XC91cGxvYWRzXC8yMDI0XC8wM1wvV2hhdHNBcHAtSW1hZ2UtMjAyMy0xMS0wOC1hdC0xMS41Mi4wMS0yLmpwZWciLCJzbGlkZXNob3ciOiI0OTJhMWQ0In0%3D\" href='https:\/\/buffetevian.com.br\/home\/wp-content\/uploads\/2024\/03\/WhatsApp-Image-2023-11-08-at-11.52.01-2.jpeg'><img loading=\"lazy\" decoding=\"async\" width=\"1600\" height=\"1066\" src=\"https:\/\/buffetevian.com.br\/home\/wp-content\/uploads\/2024\/03\/WhatsApp-Image-2023-11-08-at-11.52.01-2.jpeg\" class=\"attachment-full size-full\" alt=\"\" srcset=\"https:\/\/buffetevian.com.br\/home\/wp-content\/uploads\/2024\/03\/WhatsApp-Image-2023-11-08-at-11.52.01-2.jpeg 1600w, https:\/\/buffetevian.com.br\/home\/wp-content\/uploads\/2024\/03\/WhatsApp-Image-2023-11-08-at-11.52.01-2-300x200.jpeg 300w, https:\/\/buffetevian.com.br\/home\/wp-content\/uploads\/2024\/03\/WhatsApp-Image-2023-11-08-at-11.52.01-2-1024x682.jpeg 1024w, https:\/\/buffetevian.com.br\/home\/wp-content\/uploads\/2024\/03\/WhatsApp-Image-2023-11-08-at-11.52.01-2-768x512.jpeg 768w, https:\/\/buffetevian.com.br\/home\/wp-content\/uploads\/2024\/03\/WhatsApp-Image-2023-11-08-at-11.52.01-2-1536x1023.jpeg 1536w, https:\/\/buffetevian.com.br\/home\/wp-content\/uploads\/2024\/03\/WhatsApp-Image-2023-11-08-at-11.52.01-2-200x133.jpeg 200w\" sizes=\"(max-width: 1600px) 100vw, 1600px\" \/><\/a>\n\t\t\t<\/div><\/figure><figure class='gallery-item'>\n\t\t\t<div class='gallery-icon landscape'>\n\t\t\t\t<a data-elementor-open-lightbox=\"yes\" data-elementor-lightbox-slideshow=\"492a1d4\" data-elementor-lightbox-title=\"DSCF4714\" data-e-action-hash=\"#elementor-action%3Aaction%3Dlightbox%26settings%3DeyJpZCI6MjU2LCJ1cmwiOiJodHRwczpcL1wvYnVmZmV0ZXZpYW4uY29tLmJyXC9ob21lXC93cC1jb250ZW50XC91cGxvYWRzXC8yMDIzXC8xMFwvRFNDRjQ3MTQtc2NhbGVkLmpwZyIsInNsaWRlc2hvdyI6IjQ5MmExZDQifQ%3D%3D\" href='https:\/\/buffetevian.com.br\/home\/wp-content\/uploads\/2023\/10\/DSCF4714-scaled.jpg'><img loading=\"lazy\" decoding=\"async\" width=\"2560\" height=\"1707\" src=\"https:\/\/buffetevian.com.br\/home\/wp-content\/uploads\/2023\/10\/DSCF4714-scaled.jpg\" class=\"attachment-full size-full\" alt=\"\" srcset=\"https:\/\/buffetevian.com.br\/home\/wp-content\/uploads\/2023\/10\/DSCF4714-scaled.jpg 2560w, https:\/\/buffetevian.com.br\/home\/wp-content\/uploads\/2023\/10\/DSCF4714-300x200.jpg 300w, https:\/\/buffetevian.com.br\/home\/wp-content\/uploads\/2023\/10\/DSCF4714-1024x683.jpg 1024w, https:\/\/buffetevian.com.br\/home\/wp-content\/uploads\/2023\/10\/DSCF4714-768x512.jpg 768w, https:\/\/buffetevian.com.br\/home\/wp-content\/uploads\/2023\/10\/DSCF4714-1536x1024.jpg 1536w, https:\/\/buffetevian.com.br\/home\/wp-content\/uploads\/2023\/10\/DSCF4714-2048x1365.jpg 2048w, https:\/\/buffetevian.com.br\/home\/wp-content\/uploads\/2023\/10\/DSCF4714-200x133.jpg 200w\" sizes=\"(max-width: 2560px) 100vw, 2560px\" \/><\/a>\n\t\t\t<\/div><\/figure>\n\t\t<\/div>\n\t\t<\/div>\n\t\t\t\t\t\t<\/div>\n\t\t\t\t<\/div>\n\t\t\t\t<\/div>\n\t\t\t\t<\/div>\n\t\t","protected":false},"excerpt":{"rendered":"<p>Debutante A Festa de 15 anos dos seus sonhos e um dia exclusivo para voc\u00ea! o sonho da sua princesa O dia que marca uma mudan\u00e7a para um novo tempo da vida de uma Menina! Todos os detalhes s\u00e3o importantes, desde o vestido escolhido para a festa de 15 anos, carro que levar\u00e1 a debutante at\u00e9 o local do evento. Os sentimentos despertados s\u00e3o t\u00e3o emocionante quanto bonitos, como por exemplo: &#8211; O momento da valsa com o pai, pr\u00edncipe e convidados especiais;&#8211; O card\u00e1pio feito \u00e0 car\u00e1ter para a noite do baile, com escolhas gastron\u00f4micas totalmente pensadas para o evento. N\u00f3s nos preocupamos em tornar um momento da sua vida inesquec\u00edvel em fotos registradas, sabores e ocasi\u00f5es exclusivas, personalizadas e proporcionadas pela nossa equipe de profissionais capacitados e engajados, treinados e formados para proporcionar um evento perfeito. Fa\u00e7a seu or\u00e7amento<\/p>\n","protected":false},"author":1,"featured_media":0,"parent":0,"menu_order":0,"comment_status":"closed","ping_status":"closed","template":"elementor_header_footer","meta":{"_joinchat":[],"footnotes":""},"class_list":["post-119","page","type-page","status-publish","hentry"],"_links":{"self":[{"href":"https:\/\/buffetevian.com.br\/home\/wp-json\/wp\/v2\/pages\/119","targetHints":{"allow":["GET"]}}],"collection":[{"href":"https:\/\/buffetevian.com.br\/home\/wp-json\/wp\/v2\/pages"}],"about":[{"href":"https:\/\/buffetevian.com.br\/home\/wp-json\/wp\/v2\/types\/page"}],"author":[{"embeddable":true,"href":"https:\/\/buffetevian.com.br\/home\/wp-json\/wp\/v2\/users\/1"}],"replies":[{"embeddable":true,"href":"https:\/\/buffetevian.com.br\/home\/wp-json\/wp\/v2\/comments?post=119"}],"version-history":[{"count":21,"href":"https:\/\/buffetevian.com.br\/home\/wp-json\/wp\/v2\/pages\/119\/revisions"}],"predecessor-version":[{"id":933,"href":"https:\/\/buffetevian.com.br\/home\/wp-json\/wp\/v2\/pages\/119\/revisions\/933"}],"wp:attachment":[{"href":"https:\/\/buffetevian.com.br\/home\/wp-json\/wp\/v2\/media?parent=119"}],"curies":[{"name":"wp","href":"https:\/\/api.w.org\/{rel}","templated":true}]}}